{"id":136,"date":"2022-11-17T15:08:24","date_gmt":"2022-11-17T15:08:24","guid":{"rendered":"http:\/\/www.svenskhund.se\/?page_id=136"},"modified":"2022-11-17T15:08:25","modified_gmt":"2022-11-17T15:08:25","slug":"jakthund","status":"publish","type":"page","link":"https:\/\/www.svenskhund.se\/?page_id=136","title":{"rendered":"Hur du v\u00e4ljer r\u00e4tt jakthund"},"content":{"rendered":"\n<p><\/p>\n\n\n\n<p>Om du g\u00e5r i tankar om att b\u00f6rja jaga kan en bra jakthund vid din sida g\u00f6ra stor skillnad f\u00f6r din jaktlycka. Men n\u00e4r det finns s\u00e5 m\u00e5nga olika raser av jakthundar, hur vet du d\u00e5 vilken som \u00e4r r\u00e4tt f\u00f6r dig? H\u00e4r \u00e4r n\u00e5gra saker att t\u00e4nka p\u00e5 n\u00e4r du v\u00e4ljer en jakthund.<\/p>\n\n\n\n<ol class=\"wp-block-list\">\n<li>Vilken typ av vilt kommer du jag du?<br>Det f\u00f6rsta man b\u00f6r t\u00e4nka p\u00e5 n\u00e4r man v\u00e4ljer en jakthund \u00e4r vilken typ av vilt man oftast kommer att jaga. Olika hundraser \u00e4r b\u00e4ttre rustade f\u00f6r att hantera olika typer av vilt. Om du till exempel fr\u00e4mst jagar sj\u00f6f\u00e5gel vill du ha en hund som har sv\u00e4vade f\u00f6tter f\u00f6r att kunna simma och en tjock p\u00e4ls f\u00f6r att skydda dem fr\u00e5n det kalla vattnet. Om du d\u00e4remot fr\u00e4mst jagar r\u00e5djur vill du ha en hund med ett bra luktsinne f\u00f6r att sp\u00e5ra r\u00e5djurets doft och l\u00e5nga ben f\u00f6r att springa i oj\u00e4mn terr\u00e4ng.<\/li>\n\n\n\n<li>Vad har du f\u00f6r budget?<br>En annan viktig faktor att ta h\u00e4nsyn till n\u00e4r du v\u00e4ljer jakthund \u00e4r din budget. Vissa hundraser \u00e4r dyrare \u00e4n andra, s\u00e5 det \u00e4r viktigt att ta reda p\u00e5 hur mycket du \u00e4r villig att l\u00e4gga ut p\u00e5 en ny p\u00e4lsbekl\u00e4dd v\u00e4n. N\u00e4r du v\u00e4l har ett prisintervall i \u00e5tanke kan du b\u00f6rja titta p\u00e5 specifika raser som passar inom det intervallet.<\/li>\n\n\n\n<li>Har du plats f\u00f6r en stor hund?<br>En annan sak att t\u00e4nka p\u00e5 \u00e4r om du har tillr\u00e4ckligt med utrymme f\u00f6r en stor hundras. Vissa jakthundar kan bli ganska stora, s\u00e5 det \u00e4r viktigt att se till att du har tillr\u00e4ckligt med utrymme i ditt hem och p\u00e5 din g\u00e5rd f\u00f6r dem. Om utrymmet \u00e4r begr\u00e4nsat finns det \u00e4ven mindre raser av jakthundar.<\/li>\n<\/ol>\n\n\n\n<h2 class=\"wp-block-heading\">9 snabba fakta om jakthundar<\/h2>\n\n\n\n<ul class=\"wp-block-list\">\n<li> De mest popul\u00e4ra jakthundraserna \u00e4r labrador retriever, golden retriever och tysk korth\u00e5rig pointer <\/li>\n\n\n\n<li>Jakthundar anv\u00e4nds f\u00f6r att hj\u00e4lpa j\u00e4gare att hitta och h\u00e4mta vilt <\/li>\n\n\n\n<li>De flesta jakthundar \u00e4r uppf\u00f6dda specifikt f\u00f6r att jaga <\/li>\n\n\n\n<li>Den mest popul\u00e4ra typen av jakt \u00e4r f\u00e5geljakt, och de mest popul\u00e4ra hundarna f\u00f6r f\u00e5geljakt \u00e4r retrieverhundar <\/li>\n\n\n\n<li> Andra popul\u00e4ra typer av jakt \u00e4r hjortjakt, kaninjakt och ekorrjakt <\/li>\n\n\n\n<li> Vissa hundar anv\u00e4nds f\u00f6r att sp\u00e5ra vilt, medan andra anv\u00e4nds f\u00f6r att locka fram vilt fr\u00e5n sina g\u00f6mst\u00e4llen s\u00e5 att j\u00e4garen kan skjuta det<\/li>\n\n\n\n<li>Det finns ocks\u00e5 m\u00e5nga olika typer av terriers som anv\u00e4nds f\u00f6r att jaga skadedjur som r\u00e5ttor och m\u00f6ss <\/li>\n\n\n\n<li>Taxar f\u00f6ddes ursprungligen upp f\u00f6r att jaga gr\u00e4vlingar, men anv\u00e4nds nu ofta f\u00f6r att jaga kaniner och ekorrar <\/li>\n\n\n\n<li> Jakthundar m\u00e5ste tr\u00e4nas att utf\u00f6ra sina specifika uppgifter f\u00f6r att effektivt kunna hj\u00e4lpa j\u00e4garen<\/li>\n<\/ul>\n\n\n\n<p>Om du h\u00e5ller dessa saker i \u00e5tanke kommer du garanterat att hitta den perfekta p\u00e4lskl\u00e4dda v\u00e4nnen f\u00f6r din n\u00e4sta stora jakt! Funderar du p\u00e5 vilken hundpejl som \u00e4r b\u00e4st. Bes\u00f6ka v\u00e5ra kompisar p\u00e5 jaktfaktas sida som skrivit en riktigt vass <a href=\"https:\/\/jaktfakta.se\/basta-hundpejl-var-topp-3-lista\/\" data-type=\"URL\" data-id=\"https:\/\/jaktfakta.se\/basta-hundpejl-var-topp-3-lista\/\">hundpejlguide<\/a>. <\/p>\n","protected":false},"excerpt":{"rendered":"<p>Om du g\u00e5r i tankar om att b\u00f6rja jaga kan en bra jakthund vid din sida g\u00f6ra stor skillnad f\u00f6r&hellip;<\/p>\n","protected":false},"author":1,"featured_media":0,"parent":0,"menu_order":0,"comment_status":"closed","ping_status":"closed","template":"","meta":{"footnotes":""},"class_list":["post-136","page","type-page","status-publish","hentry"],"_links":{"self":[{"href":"https:\/\/www.svenskhund.se\/index.php?rest_route=\/wp\/v2\/pages\/136"}],"collection":[{"href":"https:\/\/www.svenskhund.se\/index.php?rest_route=\/wp\/v2\/pages"}],"about":[{"href":"https:\/\/www.svenskhund.se\/index.php?rest_route=\/wp\/v2\/types\/page"}],"author":[{"embeddable":true,"href":"https:\/\/www.svenskhund.se\/index.php?rest_route=\/wp\/v2\/users\/1"}],"replies":[{"embeddable":true,"href":"https:\/\/www.svenskhund.se\/index.php?rest_route=%2Fwp%2Fv2%2Fcomments&post=136"}],"version-history":[{"count":3,"href":"https:\/\/www.svenskhund.se\/index.php?rest_route=\/wp\/v2\/pages\/136\/revisions"}],"predecessor-version":[{"id":139,"href":"https:\/\/www.svenskhund.se\/index.php?rest_route=\/wp\/v2\/pages\/136\/revisions\/139"}],"wp:attachment":[{"href":"https:\/\/www.svenskhund.se\/index.php?rest_route=%2Fwp%2Fv2%2Fmedia&parent=136"}],"curies":[{"name":"wp","href":"https:\/\/api.w.org\/{rel}","templated":true}]}}