{"id":2,"date":"2020-07-16T11:02:16","date_gmt":"2020-07-16T10:02:16","guid":{"rendered":"http:\/\/www.svenskhund.se\/?page_id=2"},"modified":"2022-11-02T13:37:07","modified_gmt":"2022-11-02T13:37:07","slug":"sample-page","status":"publish","type":"page","link":"https:\/\/www.svenskhund.se\/","title":{"rendered":"Hem"},"content":{"rendered":"\t\t<div data-elementor-type=\"wp-page\" data-elementor-id=\"2\" class=\"elementor elementor-2\">\n\t\t\t\t\t\t<section class=\"elementor-section elementor-top-section elementor-element elementor-element-42e36b00 elementor-section-boxed elementor-section-height-default elementor-section-height-default\" data-id=\"42e36b00\" data-element_type=\"section\">\n\t\t\t\t\t\t<div class=\"elementor-container elementor-column-gap-default\">\n\t\t\t\t\t<div class=\"elementor-column elementor-col-100 elementor-top-column elementor-element elementor-element-314b6fd3\" data-id=\"314b6fd3\" data-element_type=\"column\">\n\t\t\t<div class=\"elementor-widget-wrap elementor-element-populated\">\n\t\t\t\t\t\t<div class=\"elementor-element elementor-element-15cade6 elementor-widget elementor-widget-heading\" data-id=\"15cade6\" data-element_type=\"widget\" data-widget_type=\"heading.default\">\n\t\t\t\t<div class=\"elementor-widget-container\">\n\t\t\t\t\t<h2 class=\"elementor-heading-title elementor-size-default\">Svensk hund<\/h2>\t\t\t\t<\/div>\n\t\t\t\t<\/div>\n\t\t\t\t<div class=\"elementor-element elementor-element-9078a37 elementor-widget elementor-widget-text-editor\" data-id=\"9078a37\" data-element_type=\"widget\" data-widget_type=\"text-editor.default\">\n\t\t\t\t<div class=\"elementor-widget-container\">\n\t\t\t\t\t\t\t\t\t<p>V\u00e4lkommen till en hemsida helt dedikerad till v\u00e5ra svenska inhemska hundraser. H\u00e4r hittar du information om varje erk\u00e4nd svensk hundras, deras historia, egenskaper och i f\u00f6rekommande fall vart du kan v\u00e4nda dig f\u00f6r att skaffa, tr\u00e4ffa eller se den ras du fastnat f\u00f6r.<\/p>\t\t\t\t\t\t\t\t<\/div>\n\t\t\t\t<\/div>\n\t\t\t\t\t<\/div>\n\t\t<\/div>\n\t\t\t\t\t<\/div>\n\t\t<\/section>\n\t\t\t\t<section class=\"elementor-section elementor-top-section elementor-element elementor-element-978d862 elementor-section-boxed elementor-section-height-default elementor-section-height-default\" data-id=\"978d862\" data-element_type=\"section\">\n\t\t\t\t\t\t<div class=\"elementor-container elementor-column-gap-default\">\n\t\t\t\t\t<div class=\"elementor-column elementor-col-100 elementor-top-column elementor-element elementor-element-b5b5376\" data-id=\"b5b5376\" data-element_type=\"column\">\n\t\t\t<div class=\"elementor-widget-wrap elementor-element-populated\">\n\t\t\t\t\t\t<div class=\"elementor-element elementor-element-41cab2c elementor-widget elementor-widget-heading\" data-id=\"41cab2c\" data-element_type=\"widget\" data-widget_type=\"heading.default\">\n\t\t\t\t<div class=\"elementor-widget-container\">\n\t\t\t\t\t<h2 class=\"elementor-heading-title elementor-size-default\">Till skydd och gagn f\u00f6r svensk hund<\/h2>\t\t\t\t<\/div>\n\t\t\t\t<\/div>\n\t\t\t\t\t<\/div>\n\t\t<\/div>\n\t\t\t\t\t<\/div>\n\t\t<\/section>\n\t\t\t\t<section class=\"elementor-section elementor-top-section elementor-element elementor-element-2b1dc9b elementor-section-boxed elementor-section-height-default elementor-section-height-default\" data-id=\"2b1dc9b\" data-element_type=\"section\">\n\t\t\t\t\t\t<div class=\"elementor-container elementor-column-gap-default\">\n\t\t\t\t\t<div class=\"elementor-column elementor-col-100 elementor-top-column elementor-element elementor-element-b71855b\" data-id=\"b71855b\" data-element_type=\"column\">\n\t\t\t<div class=\"elementor-widget-wrap elementor-element-populated\">\n\t\t\t\t\t\t<div class=\"elementor-element elementor-element-54d47f9 elementor-widget elementor-widget-text-editor\" data-id=\"54d47f9\" data-element_type=\"widget\" data-widget_type=\"text-editor.default\">\n\t\t\t\t<div class=\"elementor-widget-container\">\n\t\t\t\t\t\t\t\t\t<p>Syftet med hemsidan \u00e4r att ge dig som funderar p\u00e5 att skaffa hund information om v\u00e5ra inhemska raser, s\u00e5 att du kanske k\u00e4nner att det vore trevligt att just ta hem en svensk hundras. Vi vill st\u00e4rka st\u00e4llningen f\u00f6r v\u00e5ra inhemska hundar, f\u00f6r risken finns att dem i framtiden inte l\u00e4ngre existerar, d\u00e5 best\u00e5nden har minskat betydligt f\u00f6r flera under senare \u00e5r. Ett exempel p\u00e5 det \u00e4r Gotlandsst\u00f6varen som traditionellt har anv\u00e4nts som jakthund, men numera fr\u00e4mst \u00e4r (tyv\u00e4rr) inte alltf\u00f6r vanlig s\u00e4llskapshund.&nbsp;<\/p>\n<p>Vi vill ocks\u00e5 passa p\u00e5 och tacka v\u00e5ra sponsorer f\u00f6r gener\u00f6sa donationer \u00e5ren. Utan er hade inte hemsidan eller verksamheten existerat! Ett extra stort tack till g\u00e5vokortspecialisten som donerar 5% av vinsten p\u00e5 alla s\u00e5lda g\u00e5vokort! Driver ni f\u00f6retag och \u00e4r intresserade av <a href=\"https:\/\/www.xn--gvokortspecialisten-0wb.se\/\">g\u00e5vokort<\/a>? St\u00f6d oss igenom att handla julg\u00e5vorna till era anst\u00e4llda ifr\u00e5n dem.&nbsp;<span style=\"color: var( --e-global-color-text ); font-weight: var( --e-global-typography-text-font-weight ); font-size: 1rem;\">Intresserad av poster p\u00e5 djur? Spana in&nbsp;<\/span><a href=\"https:\/\/justposters.se\/djur\/roliga-djur\/\" target=\"_blank\">roliga djur<\/a>, ifr\u00e5n justposters.se<\/p>\t\t\t\t\t\t\t\t<\/div>\n\t\t\t\t<\/div>\n\t\t\t\t\t<\/div>\n\t\t<\/div>\n\t\t\t\t\t<\/div>\n\t\t<\/section>\n\t\t\t\t<section class=\"elementor-section elementor-top-section elementor-element elementor-element-026de0e elementor-section-boxed elementor-section-height-default elementor-section-height-default\" data-id=\"026de0e\" data-element_type=\"section\">\n\t\t\t\t\t\t<div class=\"elementor-container elementor-column-gap-default\">\n\t\t\t\t\t<div class=\"elementor-column elementor-col-100 elementor-top-column elementor-element elementor-element-31cc6d6\" data-id=\"31cc6d6\" data-element_type=\"column\">\n\t\t\t<div class=\"elementor-widget-wrap elementor-element-populated\">\n\t\t\t\t\t\t<div class=\"elementor-element elementor-element-85b4976 elementor-arrows-position-inside elementor-pagination-position-outside elementor-widget elementor-widget-image-carousel\" data-id=\"85b4976\" data-element_type=\"widget\" data-settings=\"{&quot;slides_to_show&quot;:&quot;4&quot;,&quot;navigation&quot;:&quot;both&quot;,&quot;autoplay&quot;:&quot;yes&quot;,&quot;pause_on_hover&quot;:&quot;yes&quot;,&quot;pause_on_interaction&quot;:&quot;yes&quot;,&quot;autoplay_speed&quot;:5000,&quot;infinite&quot;:&quot;yes&quot;,&quot;speed&quot;:500}\" data-widget_type=\"image-carousel.default\">\n\t\t\t\t<div class=\"elementor-widget-container\">\n\t\t\t\t\t\t\t<div class=\"elementor-image-carousel-wrapper swiper\" role=\"region\" aria-roledescription=\"carousel\" aria-label=\"Image Carousel\" dir=\"ltr\">\n\t\t\t<div class=\"elementor-image-carousel swiper-wrapper swiper-image-stretch\" aria-live=\"off\">\n\t\t\t\t\t\t\t\t<div class=\"swiper-slide\" role=\"group\" aria-roledescription=\"slide\" aria-label=\"1 of 17\"><figure class=\"swiper-slide-inner\"><img decoding=\"async\" class=\"swiper-slide-image\" src=\"https:\/\/www.svenskhund.se\/wp-content\/uploads\/2020\/08\/malam.png\" alt=\"malam\" \/><\/figure><\/div><div class=\"swiper-slide\" role=\"group\" aria-roledescription=\"slide\" aria-label=\"2 of 17\"><figure class=\"swiper-slide-inner\"><img decoding=\"async\" class=\"swiper-slide-image\" src=\"https:\/\/www.svenskhund.se\/wp-content\/uploads\/2020\/08\/bull.png\" alt=\"bull\" \/><\/figure><\/div><div class=\"swiper-slide\" role=\"group\" aria-roledescription=\"slide\" aria-label=\"3 of 17\"><figure class=\"swiper-slide-inner\"><img decoding=\"async\" class=\"swiper-slide-image\" src=\"https:\/\/www.svenskhund.se\/wp-content\/uploads\/2020\/08\/engelsk-6.png\" alt=\"engelsk 6\" \/><\/figure><\/div><div class=\"swiper-slide\" role=\"group\" aria-roledescription=\"slide\" aria-label=\"4 of 17\"><figure class=\"swiper-slide-inner\"><img decoding=\"async\" class=\"swiper-slide-image\" src=\"https:\/\/www.svenskhund.se\/wp-content\/uploads\/2020\/08\/h9.png\" alt=\"h9\" \/><\/figure><\/div><div class=\"swiper-slide\" role=\"group\" aria-roledescription=\"slide\" aria-label=\"5 of 17\"><figure class=\"swiper-slide-inner\"><img decoding=\"async\" class=\"swiper-slide-image\" src=\"https:\/\/www.svenskhund.se\/wp-content\/uploads\/2020\/08\/jack1.png\" alt=\"jack1\" \/><\/figure><\/div><div class=\"swiper-slide\" role=\"group\" aria-roledescription=\"slide\" aria-label=\"6 of 17\"><figure class=\"swiper-slide-inner\"><img decoding=\"async\" class=\"swiper-slide-image\" src=\"https:\/\/www.svenskhund.se\/wp-content\/uploads\/2020\/08\/fem-hundar.png\" alt=\"fem hundar\" \/><\/figure><\/div><div class=\"swiper-slide\" role=\"group\" aria-roledescription=\"slide\" aria-label=\"7 of 17\"><figure class=\"swiper-slide-inner\"><img decoding=\"async\" class=\"swiper-slide-image\" src=\"https:\/\/www.svenskhund.se\/wp-content\/uploads\/2020\/08\/bull2.png\" alt=\"bull2\" \/><\/figure><\/div><div class=\"swiper-slide\" role=\"group\" aria-roledescription=\"slide\" aria-label=\"8 of 17\"><figure class=\"swiper-slide-inner\"><img decoding=\"async\" class=\"swiper-slide-image\" src=\"https:\/\/www.svenskhund.se\/wp-content\/uploads\/2020\/08\/hundar-head.png\" alt=\"hundar head\" \/><\/figure><\/div><div class=\"swiper-slide\" role=\"group\" aria-roledescription=\"slide\" aria-label=\"9 of 17\"><figure class=\"swiper-slide-inner\"><img decoding=\"async\" class=\"swiper-slide-image\" src=\"https:\/\/www.svenskhund.se\/wp-content\/uploads\/2020\/08\/bull1.png\" alt=\"bull1\" \/><\/figure><\/div><div class=\"swiper-slide\" role=\"group\" aria-roledescription=\"slide\" aria-label=\"10 of 17\"><figure class=\"swiper-slide-inner\"><img decoding=\"async\" class=\"swiper-slide-image\" src=\"https:\/\/www.svenskhund.se\/wp-content\/uploads\/2020\/08\/bull3.png\" alt=\"bull3\" \/><\/figure><\/div><div class=\"swiper-slide\" role=\"group\" aria-roledescription=\"slide\" aria-label=\"11 of 17\"><figure class=\"swiper-slide-inner\"><img decoding=\"async\" class=\"swiper-slide-image\" src=\"https:\/\/www.svenskhund.se\/wp-content\/uploads\/2020\/08\/fem-hundar-1.png\" alt=\"fem hundar\" \/><\/figure><\/div><div class=\"swiper-slide\" role=\"group\" aria-roledescription=\"slide\" aria-label=\"12 of 17\"><figure class=\"swiper-slide-inner\"><img decoding=\"async\" class=\"swiper-slide-image\" src=\"https:\/\/www.svenskhund.se\/wp-content\/uploads\/2020\/08\/h1.png\" alt=\"h1\" \/><\/figure><\/div><div class=\"swiper-slide\" role=\"group\" aria-roledescription=\"slide\" aria-label=\"13 of 17\"><figure class=\"swiper-slide-inner\"><img decoding=\"async\" class=\"swiper-slide-image\" src=\"https:\/\/www.svenskhund.se\/wp-content\/uploads\/2020\/08\/djurhem.png\" alt=\"djurhem\" \/><\/figure><\/div><div class=\"swiper-slide\" role=\"group\" aria-roledescription=\"slide\" aria-label=\"14 of 17\"><figure class=\"swiper-slide-inner\"><img decoding=\"async\" class=\"swiper-slide-image\" src=\"https:\/\/www.svenskhund.se\/wp-content\/uploads\/2020\/08\/h4.png\" alt=\"h4\" \/><\/figure><\/div><div class=\"swiper-slide\" role=\"group\" aria-roledescription=\"slide\" aria-label=\"15 of 17\"><figure class=\"swiper-slide-inner\"><img decoding=\"async\" class=\"swiper-slide-image\" src=\"https:\/\/www.svenskhund.se\/wp-content\/uploads\/2020\/08\/samojed.png\" alt=\"samojed\" \/><\/figure><\/div><div class=\"swiper-slide\" role=\"group\" aria-roledescription=\"slide\" aria-label=\"16 of 17\"><figure class=\"swiper-slide-inner\"><img decoding=\"async\" class=\"swiper-slide-image\" src=\"https:\/\/www.svenskhund.se\/wp-content\/uploads\/2020\/08\/hund-handlar.png\" alt=\"hund handlar\" \/><\/figure><\/div><div class=\"swiper-slide\" role=\"group\" aria-roledescription=\"slide\" aria-label=\"17 of 17\"><figure class=\"swiper-slide-inner\"><img decoding=\"async\" class=\"swiper-slide-image\" src=\"https:\/\/www.svenskhund.se\/wp-content\/uploads\/2020\/08\/malam3.png\" alt=\"malam3\" \/><\/figure><\/div>\t\t\t<\/div>\n\t\t\t\t\t\t\t\t\t\t\t\t<div class=\"elementor-swiper-button elementor-swiper-button-prev\" role=\"button\" tabindex=\"0\">\n\t\t\t\t\t\t<i aria-hidden=\"true\" class=\"eicon-chevron-left\"><\/i>\t\t\t\t\t<\/div>\n\t\t\t\t\t<div class=\"elementor-swiper-button elementor-swiper-button-next\" role=\"button\" tabindex=\"0\">\n\t\t\t\t\t\t<i aria-hidden=\"true\" class=\"eicon-chevron-right\"><\/i>\t\t\t\t\t<\/div>\n\t\t\t\t\n\t\t\t\t\t\t\t\t\t<div class=\"swiper-pagination\"><\/div>\n\t\t\t\t\t\t\t\t\t<\/div>\n\t\t\t\t\t\t<\/div>\n\t\t\t\t<\/div>\n\t\t\t\t\t<\/div>\n\t\t<\/div>\n\t\t\t\t\t<\/div>\n\t\t<\/section>\n\t\t\t\t<\/div>\n\t\t","protected":false},"excerpt":{"rendered":"<p>Svensk hund V\u00e4lkommen till en hemsida helt dedikerad till v\u00e5ra svenska inhemska hundraser. H\u00e4r hittar du information om varje erk\u00e4nd&hellip;<\/p>\n","protected":false},"author":1,"featured_media":0,"parent":0,"menu_order":0,"comment_status":"closed","ping_status":"open","template":"elementor_header_footer","meta":{"footnotes":""},"class_list":["post-2","page","type-page","status-publish","hentry"],"_links":{"self":[{"href":"https:\/\/www.svenskhund.se\/index.php?rest_route=\/wp\/v2\/pages\/2"}],"collection":[{"href":"https:\/\/www.svenskhund.se\/index.php?rest_route=\/wp\/v2\/pages"}],"about":[{"href":"https:\/\/www.svenskhund.se\/index.php?rest_route=\/wp\/v2\/types\/page"}],"author":[{"embeddable":true,"href":"https:\/\/www.svenskhund.se\/index.php?rest_route=\/wp\/v2\/users\/1"}],"replies":[{"embeddable":true,"href":"https:\/\/www.svenskhund.se\/index.php?rest_route=%2Fwp%2Fv2%2Fcomments&post=2"}],"version-history":[{"count":15,"href":"https:\/\/www.svenskhund.se\/index.php?rest_route=\/wp\/v2\/pages\/2\/revisions"}],"predecessor-version":[{"id":132,"href":"https:\/\/www.svenskhund.se\/index.php?rest_route=\/wp\/v2\/pages\/2\/revisions\/132"}],"wp:attachment":[{"href":"https:\/\/www.svenskhund.se\/index.php?rest_route=%2Fwp%2Fv2%2Fmedia&parent=2"}],"curies":[{"name":"wp","href":"https:\/\/api.w.org\/{rel}","templated":true}]}}