{"id":26,"date":"2020-08-06T10:01:50","date_gmt":"2020-08-06T09:01:50","guid":{"rendered":"http:\/\/www.svenskhund.se\/?page_id=26"},"modified":"2022-06-13T10:18:05","modified_gmt":"2022-06-13T09:18:05","slug":"omtanke","status":"publish","type":"page","link":"https:\/\/www.svenskhund.se\/?page_id=26","title":{"rendered":"Omtanke"},"content":{"rendered":"\t\t<div data-elementor-type=\"wp-page\" data-elementor-id=\"26\" class=\"elementor elementor-26\">\n\t\t\t\t\t\t<section class=\"elementor-section elementor-top-section elementor-element elementor-element-3f6288f elementor-section-boxed elementor-section-height-default elementor-section-height-default\" data-id=\"3f6288f\" data-element_type=\"section\">\n\t\t\t\t\t\t<div class=\"elementor-container elementor-column-gap-default\">\n\t\t\t\t\t<div class=\"elementor-column elementor-col-66 elementor-top-column elementor-element elementor-element-d521833\" data-id=\"d521833\" data-element_type=\"column\">\n\t\t\t<div class=\"elementor-widget-wrap elementor-element-populated\">\n\t\t\t\t\t\t<div class=\"elementor-element elementor-element-df7be90 elementor-widget elementor-widget-heading\" data-id=\"df7be90\" data-element_type=\"widget\" data-widget_type=\"heading.default\">\n\t\t\t\t<div class=\"elementor-widget-container\">\n\t\t\t\t\t<h2 class=\"elementor-heading-title elementor-size-default\">Det finns fler s\u00e4tt att hj\u00e4lpa till<\/h2>\t\t\t\t<\/div>\n\t\t\t\t<\/div>\n\t\t\t\t<div class=\"elementor-element elementor-element-af78a46 elementor-widget elementor-widget-text-editor\" data-id=\"af78a46\" data-element_type=\"widget\" data-widget_type=\"text-editor.default\">\n\t\t\t\t<div class=\"elementor-widget-container\">\n\t\t\t\t\t\t\t\t\t<p>Sverige har ett bra djurskydd j\u00e4mf\u00f6rt med m\u00e5nga andra l\u00e4nder. Men det h\u00e4nder att hundar far illa ocks\u00e5 h\u00e4r \u2013\u00a0att de vanv\u00e5rdas, \u00f6verges eller helt enkelt r\u00e5kar illa ut p\u00e5 grund av hund\u00e4garens okunskap.<\/p><p>Du kan enkelt bidra till en f\u00f6rb\u00e4ttrad tillvaro f\u00f6r m\u00e5nga hundar, i Sverige och utomlands.\u00a0P\u00e5 den h\u00e4r sidan\u00a0f\u00e5r du tips om hur. Vi\u00a0l\u00e4gger l\u00f6pande ut information om hur din insats \u2013 som kanske k\u00e4nns\u00a0liten f\u00f6r dig \u2013 kan g\u00f6ra betydande skillnad f\u00f6r utsatta hundar.<\/p><p>Omtanke \u00e4r svenskhund.se:s s\u00e4tt att bidra till djurskyddsarbete. Vi hoppas att du ocks\u00e5 vill hj\u00e4lpa till.\u00a0<em>Ingen kan g\u00f6ra allt, men alla kan g\u00f6ra n\u00e5got.<\/em><\/p>\t\t\t\t\t\t\t\t<\/div>\n\t\t\t\t<\/div>\n\t\t\t\t\t<\/div>\n\t\t<\/div>\n\t\t\t\t<div class=\"elementor-column elementor-col-33 elementor-top-column elementor-element elementor-element-4bf5534\" data-id=\"4bf5534\" data-element_type=\"column\">\n\t\t\t<div class=\"elementor-widget-wrap elementor-element-populated\">\n\t\t\t\t\t\t<div class=\"elementor-element elementor-element-811863c elementor-widget elementor-widget-image\" data-id=\"811863c\" data-element_type=\"widget\" data-widget_type=\"image.default\">\n\t\t\t\t<div class=\"elementor-widget-container\">\n\t\t\t\t\t\t\t\t\t\t\t\t\t\t\t<img fetchpriority=\"high\" decoding=\"async\" width=\"350\" height=\"350\" src=\"https:\/\/www.svenskhund.se\/wp-content\/uploads\/2020\/08\/bull2.png\" class=\"attachment-large size-large wp-image-28\" alt=\"\" srcset=\"https:\/\/www.svenskhund.se\/wp-content\/uploads\/2020\/08\/bull2.png 350w, https:\/\/www.svenskhund.se\/wp-content\/uploads\/2020\/08\/bull2-300x300.png 300w, https:\/\/www.svenskhund.se\/wp-content\/uploads\/2020\/08\/bull2-150x150.png 150w\" sizes=\"(max-width: 350px) 100vw, 350px\" \/>\t\t\t\t\t\t\t\t\t\t\t\t\t\t\t<\/div>\n\t\t\t\t<\/div>\n\t\t\t\t\t<\/div>\n\t\t<\/div>\n\t\t\t\t\t<\/div>\n\t\t<\/section>\n\t\t\t\t<section class=\"elementor-section elementor-top-section elementor-element elementor-element-da0e55a elementor-section-boxed elementor-section-height-default elementor-section-height-default\" data-id=\"da0e55a\" data-element_type=\"section\">\n\t\t\t\t\t\t<div class=\"elementor-container elementor-column-gap-default\">\n\t\t\t\t\t<div class=\"elementor-column elementor-col-100 elementor-top-column elementor-element elementor-element-234316d\" data-id=\"234316d\" data-element_type=\"column\">\n\t\t\t<div class=\"elementor-widget-wrap elementor-element-populated\">\n\t\t\t\t\t\t<div class=\"elementor-element elementor-element-3e15a48 elementor-widget elementor-widget-heading\" data-id=\"3e15a48\" data-element_type=\"widget\" data-widget_type=\"heading.default\">\n\t\t\t\t<div class=\"elementor-widget-container\">\n\t\t\t\t\t<h2 class=\"elementor-heading-title elementor-size-default\">H\u00e4r \u00e4r n\u00e5gra enka tips p\u00e5 hur\u00a0DU\u00a0kan ge omtanke!<\/h2>\t\t\t\t<\/div>\n\t\t\t\t<\/div>\n\t\t\t\t\t<\/div>\n\t\t<\/div>\n\t\t\t\t\t<\/div>\n\t\t<\/section>\n\t\t\t\t<section class=\"elementor-section elementor-top-section elementor-element elementor-element-135dbfc elementor-section-boxed elementor-section-height-default elementor-section-height-default\" data-id=\"135dbfc\" data-element_type=\"section\">\n\t\t\t\t\t\t<div class=\"elementor-container elementor-column-gap-default\">\n\t\t\t\t\t<div class=\"elementor-column elementor-col-50 elementor-top-column elementor-element elementor-element-89c3cbb\" data-id=\"89c3cbb\" data-element_type=\"column\">\n\t\t\t<div class=\"elementor-widget-wrap elementor-element-populated\">\n\t\t\t\t\t\t<div class=\"elementor-element elementor-element-a8f7179 elementor-widget elementor-widget-image\" data-id=\"a8f7179\" data-element_type=\"widget\" data-widget_type=\"image.default\">\n\t\t\t\t<div class=\"elementor-widget-container\">\n\t\t\t\t\t\t\t\t\t\t\t\t\t\t\t<img decoding=\"async\" src=\"https:\/\/www.svenskhund.se\/wp-content\/uploads\/2020\/08\/fem-hundar.png\" title=\"fem hundar\" alt=\"fem hundar\" loading=\"lazy\" \/>\t\t\t\t\t\t\t\t\t\t\t\t\t\t\t<\/div>\n\t\t\t\t<\/div>\n\t\t\t\t\t<\/div>\n\t\t<\/div>\n\t\t\t\t<div class=\"elementor-column elementor-col-50 elementor-top-column elementor-element elementor-element-a4eddfe\" data-id=\"a4eddfe\" data-element_type=\"column\">\n\t\t\t<div class=\"elementor-widget-wrap elementor-element-populated\">\n\t\t\t\t\t\t<div class=\"elementor-element elementor-element-f14f440 elementor-widget elementor-widget-heading\" data-id=\"f14f440\" data-element_type=\"widget\" data-widget_type=\"heading.default\">\n\t\t\t\t<div class=\"elementor-widget-container\">\n\t\t\t\t\t<h2 class=\"elementor-heading-title elementor-size-default\">Anm\u00e4l brott mot djur<\/h2>\t\t\t\t<\/div>\n\t\t\t\t<\/div>\n\t\t\t\t<div class=\"elementor-element elementor-element-51d0c9c elementor-widget elementor-widget-text-editor\" data-id=\"51d0c9c\" data-element_type=\"widget\" data-widget_type=\"text-editor.default\">\n\t\t\t\t<div class=\"elementor-widget-container\">\n\t\t\t\t\t\t\t\t\t<p>Om du ser eller tror att ett djur far illa ska du g\u00f6ra en anm\u00e4lan till djurskyddshandl\u00e4ggaren hos din l\u00e4nsstyrelse. Du kan ocks\u00e5 g\u00f6ra en anm\u00e4lan till polisen som vidarebefordrar anm\u00e4lan till L\u00e4nsstyrelsen om de inte sj\u00e4lva har m\u00f6jlighet att handl\u00e4gga \u00e4rendet.<\/p>\t\t\t\t\t\t\t\t<\/div>\n\t\t\t\t<\/div>\n\t\t\t\t\t<\/div>\n\t\t<\/div>\n\t\t\t\t\t<\/div>\n\t\t<\/section>\n\t\t\t\t<section class=\"elementor-section elementor-top-section elementor-element elementor-element-9707026 elementor-section-boxed elementor-section-height-default elementor-section-height-default\" data-id=\"9707026\" data-element_type=\"section\">\n\t\t\t\t\t\t<div class=\"elementor-container elementor-column-gap-default\">\n\t\t\t\t\t<div class=\"elementor-column elementor-col-50 elementor-top-column elementor-element elementor-element-9a2c170\" data-id=\"9a2c170\" data-element_type=\"column\">\n\t\t\t<div class=\"elementor-widget-wrap elementor-element-populated\">\n\t\t\t\t\t\t<div class=\"elementor-element elementor-element-87d6298 elementor-widget elementor-widget-image\" data-id=\"87d6298\" data-element_type=\"widget\" data-widget_type=\"image.default\">\n\t\t\t\t<div class=\"elementor-widget-container\">\n\t\t\t\t\t\t\t\t\t\t\t\t\t\t\t<img decoding=\"async\" width=\"550\" height=\"250\" src=\"https:\/\/www.svenskhund.se\/wp-content\/uploads\/2020\/08\/samojed.png\" class=\"attachment-large size-large wp-image-35\" alt=\"\" srcset=\"https:\/\/www.svenskhund.se\/wp-content\/uploads\/2020\/08\/samojed.png 550w, https:\/\/www.svenskhund.se\/wp-content\/uploads\/2020\/08\/samojed-300x136.png 300w\" sizes=\"(max-width: 550px) 100vw, 550px\" \/>\t\t\t\t\t\t\t\t\t\t\t\t\t\t\t<\/div>\n\t\t\t\t<\/div>\n\t\t\t\t\t<\/div>\n\t\t<\/div>\n\t\t\t\t<div class=\"elementor-column elementor-col-50 elementor-top-column elementor-element elementor-element-895cfbd\" data-id=\"895cfbd\" data-element_type=\"column\">\n\t\t\t<div class=\"elementor-widget-wrap elementor-element-populated\">\n\t\t\t\t\t\t<div class=\"elementor-element elementor-element-47201aa elementor-widget elementor-widget-heading\" data-id=\"47201aa\" data-element_type=\"widget\" data-widget_type=\"heading.default\">\n\t\t\t\t<div class=\"elementor-widget-container\">\n\t\t\t\t\t<h2 class=\"elementor-heading-title elementor-size-default\">Hj\u00e4lp hundar att hitta hem<\/h2>\t\t\t\t<\/div>\n\t\t\t\t<\/div>\n\t\t\t\t<div class=\"elementor-element elementor-element-31cb73d elementor-widget elementor-widget-text-editor\" data-id=\"31cb73d\" data-element_type=\"widget\" data-widget_type=\"text-editor.default\">\n\t\t\t\t<div class=\"elementor-widget-container\">\n\t\t\t\t\t\t\t\t\t<p>Har din hund sprungit bort\/f\u00f6rsvunnit? Eller har du hittat en bortsprungen hund?<\/p>\t\t\t\t\t\t\t\t<\/div>\n\t\t\t\t<\/div>\n\t\t\t\t\t<\/div>\n\t\t<\/div>\n\t\t\t\t\t<\/div>\n\t\t<\/section>\n\t\t\t\t<section class=\"elementor-section elementor-top-section elementor-element elementor-element-0fb6358 elementor-section-boxed elementor-section-height-default elementor-section-height-default\" data-id=\"0fb6358\" data-element_type=\"section\">\n\t\t\t\t\t\t<div class=\"elementor-container elementor-column-gap-default\">\n\t\t\t\t\t<div class=\"elementor-column elementor-col-50 elementor-top-column elementor-element elementor-element-8e49c9c\" data-id=\"8e49c9c\" data-element_type=\"column\">\n\t\t\t<div class=\"elementor-widget-wrap elementor-element-populated\">\n\t\t\t\t\t\t<div class=\"elementor-element elementor-element-3416350 elementor-widget elementor-widget-image\" data-id=\"3416350\" data-element_type=\"widget\" data-widget_type=\"image.default\">\n\t\t\t\t<div class=\"elementor-widget-container\">\n\t\t\t\t\t\t\t\t\t\t\t\t\t\t\t<img decoding=\"async\" width=\"550\" height=\"350\" src=\"https:\/\/www.svenskhund.se\/wp-content\/uploads\/2020\/08\/djurhem.png\" class=\"attachment-large size-large wp-image-37\" alt=\"\" srcset=\"https:\/\/www.svenskhund.se\/wp-content\/uploads\/2020\/08\/djurhem.png 550w, https:\/\/www.svenskhund.se\/wp-content\/uploads\/2020\/08\/djurhem-300x191.png 300w\" sizes=\"(max-width: 550px) 100vw, 550px\" \/>\t\t\t\t\t\t\t\t\t\t\t\t\t\t\t<\/div>\n\t\t\t\t<\/div>\n\t\t\t\t\t<\/div>\n\t\t<\/div>\n\t\t\t\t<div class=\"elementor-column elementor-col-50 elementor-top-column elementor-element elementor-element-dbdb1a3\" data-id=\"dbdb1a3\" data-element_type=\"column\">\n\t\t\t<div class=\"elementor-widget-wrap elementor-element-populated\">\n\t\t\t\t\t\t<div class=\"elementor-element elementor-element-63679be elementor-widget elementor-widget-heading\" data-id=\"63679be\" data-element_type=\"widget\" data-widget_type=\"heading.default\">\n\t\t\t\t<div class=\"elementor-widget-container\">\n\t\t\t\t\t<h2 class=\"elementor-heading-title elementor-size-default\">Bli djurhemsfadder<\/h2>\t\t\t\t<\/div>\n\t\t\t\t<\/div>\n\t\t\t\t<div class=\"elementor-element elementor-element-06b14f7 elementor-widget elementor-widget-text-editor\" data-id=\"06b14f7\" data-element_type=\"widget\" data-widget_type=\"text-editor.default\">\n\t\t\t\t<div class=\"elementor-widget-container\">\n\t\t\t\t\t\t\t\t\t<p>Som Djurhemsfadder hj\u00e4lper du heml\u00f6sa djur med mat, veterin\u00e4rv\u00e5rd och ett tillf\u00e4lligt hem. Du g\u00f6r en ov\u00e4rderlig insats genom att du regelbundet st\u00f6djer det viktiga arbete som sker runtom p\u00e5 v\u00e5ra djurhem och jourhem. Du betalar enkelt via autogiro,\u00a030 kronor per m\u00e5nad eller mer.\u00a0En f\u00f6rh\u00e5llandevis liten summa, som g\u00f6r desto st\u00f6rre nytta. Pengarna g\u00f6r det helt enkelt m\u00f6jligt f\u00f6r v\u00e5ra anslutna djurhem att ge de omh\u00e4ndertagna djuren b\u00e4ttre omv\u00e5rdnad.<\/p><p>L\u00e4s mer p\u00e5 djurskyddet.se:\u00a0<a href=\"http:\/\/www.djurskyddet.se\/se\/stod-oss\/bli-djurhemsfadder\" target=\"_blank\" rel=\"noopener\">Bli djurhemsfadder<\/a><\/p>\t\t\t\t\t\t\t\t<\/div>\n\t\t\t\t<\/div>\n\t\t\t\t\t<\/div>\n\t\t<\/div>\n\t\t\t\t\t<\/div>\n\t\t<\/section>\n\t\t\t\t<section class=\"elementor-section elementor-top-section elementor-element elementor-element-459e967 elementor-section-boxed elementor-section-height-default elementor-section-height-default\" data-id=\"459e967\" data-element_type=\"section\">\n\t\t\t\t\t\t<div class=\"elementor-container elementor-column-gap-default\">\n\t\t\t\t\t<div class=\"elementor-column elementor-col-50 elementor-top-column elementor-element elementor-element-dfaa321\" data-id=\"dfaa321\" data-element_type=\"column\">\n\t\t\t<div class=\"elementor-widget-wrap elementor-element-populated\">\n\t\t\t\t\t\t<div class=\"elementor-element elementor-element-d364a4d elementor-widget elementor-widget-image\" data-id=\"d364a4d\" data-element_type=\"widget\" data-widget_type=\"image.default\">\n\t\t\t\t<div class=\"elementor-widget-container\">\n\t\t\t\t\t\t\t\t\t\t\t\t\t\t\t<img loading=\"lazy\" decoding=\"async\" width=\"550\" height=\"250\" src=\"https:\/\/www.svenskhund.se\/wp-content\/uploads\/2020\/08\/hund-handlar.png\" class=\"attachment-large size-large wp-image-38\" alt=\"\" srcset=\"https:\/\/www.svenskhund.se\/wp-content\/uploads\/2020\/08\/hund-handlar.png 550w, https:\/\/www.svenskhund.se\/wp-content\/uploads\/2020\/08\/hund-handlar-300x136.png 300w\" sizes=\"(max-width: 550px) 100vw, 550px\" \/>\t\t\t\t\t\t\t\t\t\t\t\t\t\t\t<\/div>\n\t\t\t\t<\/div>\n\t\t\t\t\t<\/div>\n\t\t<\/div>\n\t\t\t\t<div class=\"elementor-column elementor-col-50 elementor-top-column elementor-element elementor-element-6eab53e\" data-id=\"6eab53e\" data-element_type=\"column\">\n\t\t\t<div class=\"elementor-widget-wrap elementor-element-populated\">\n\t\t\t\t\t\t<div class=\"elementor-element elementor-element-47c409e elementor-widget elementor-widget-heading\" data-id=\"47c409e\" data-element_type=\"widget\" data-widget_type=\"heading.default\">\n\t\t\t\t<div class=\"elementor-widget-container\">\n\t\t\t\t\t<h2 class=\"elementor-heading-title elementor-size-default\">St\u00f6d Djurskyddet via godhandling.se<\/h2>\t\t\t\t<\/div>\n\t\t\t\t<\/div>\n\t\t\t\t<div class=\"elementor-element elementor-element-ad99ad0 elementor-widget elementor-widget-text-editor\" data-id=\"ad99ad0\" data-element_type=\"widget\" data-widget_type=\"text-editor.default\">\n\t\t\t\t<div class=\"elementor-widget-container\">\n\t\t\t\t\t\t\t\t\t<p>Brukar du handla p\u00e5 internet? Prova att handla via godhandling.se n\u00e4sta g\u00e5ng och sk\u00e4nk samtidigt n\u00e5gra kronor till Djurskyddet Sverige.<\/p><p>L\u00e4s mer p\u00e5 djurskyddet.se:\u00a0<a href=\"http:\/\/www.djurskyddet.se\/se\/stod-oss\/god-handling\" target=\"_blank\" rel=\"noopener\">God handling<\/a><\/p>\t\t\t\t\t\t\t\t<\/div>\n\t\t\t\t<\/div>\n\t\t\t\t\t<\/div>\n\t\t<\/div>\n\t\t\t\t\t<\/div>\n\t\t<\/section>\n\t\t\t\t<section class=\"elementor-section elementor-top-section elementor-element elementor-element-d6dad14 elementor-section-boxed elementor-section-height-default elementor-section-height-default\" data-id=\"d6dad14\" data-element_type=\"section\">\n\t\t\t\t\t\t<div class=\"elementor-container elementor-column-gap-default\">\n\t\t\t\t\t<div class=\"elementor-column elementor-col-100 elementor-top-column elementor-element elementor-element-2479118\" data-id=\"2479118\" data-element_type=\"column\">\n\t\t\t<div class=\"elementor-widget-wrap elementor-element-populated\">\n\t\t\t\t\t\t<div class=\"elementor-element elementor-element-c38d73e elementor-widget elementor-widget-heading\" data-id=\"c38d73e\" data-element_type=\"widget\" data-widget_type=\"heading.default\">\n\t\t\t\t<div class=\"elementor-widget-container\">\n\t\t\t\t\t<h2 class=\"elementor-heading-title elementor-size-default\">Du\u00a0som\u00a0ska skaffa hund \u2013 t\u00e4nk p\u00e5 det h\u00e4r!<\/h2>\t\t\t\t<\/div>\n\t\t\t\t<\/div>\n\t\t\t\t\t<\/div>\n\t\t<\/div>\n\t\t\t\t\t<\/div>\n\t\t<\/section>\n\t\t\t\t<section class=\"elementor-section elementor-top-section elementor-element elementor-element-1e8dffd elementor-section-boxed elementor-section-height-default elementor-section-height-default\" data-id=\"1e8dffd\" data-element_type=\"section\">\n\t\t\t\t\t\t<div class=\"elementor-container elementor-column-gap-default\">\n\t\t\t\t\t<div class=\"elementor-column elementor-col-100 elementor-top-column elementor-element elementor-element-4e0182e\" data-id=\"4e0182e\" data-element_type=\"column\">\n\t\t\t<div class=\"elementor-widget-wrap elementor-element-populated\">\n\t\t\t\t\t\t<div class=\"elementor-element elementor-element-e9a688b elementor-widget elementor-widget-text-editor\" data-id=\"e9a688b\" data-element_type=\"widget\" data-widget_type=\"text-editor.default\">\n\t\t\t\t<div class=\"elementor-widget-container\">\n\t\t\t\t\t\t\t\t\t<p><strong>T\u00e4nk igenom beslutet tv\u00e5 g\u00e5nger<\/strong><br \/>En hund kan bli \u00f6ver 15 \u00e5r gammal. Det betyder ett l\u00e5ngvarigt ansvar och engagemang fr\u00e5n dig. S\u00e5 f\u00f6rhasta dig inte, t\u00e4nk efter innan du skaffar hund s\u00e5 besparar du b\u00e5de dig och hunden framtida besv\u00e4r.\u00a0<\/p><p>Gl\u00f6m inte att \u00e4ven t\u00e4nka p\u00e5 allt som tillkommer som tex g\u00e5 ut och g\u00e5 med hunden p\u00e5 obekv\u00e4ma tider och n\u00e4r v\u00e4dret \u00e4r riktigt d\u00e5ligt. Eller att du kommer att beh\u00f6va \u00f6ka din st\u00e4dning och kanske till och med fundera p\u00e5 om du ska ta <a href=\"https:\/\/tommyshushallsnara.se\/hemstadning-stockholm\/\">hemst\u00e4dning stockholm<\/a> eller p\u00e5 annan ort.\u00a0<\/p><p><b>Hundar beh\u00f6ver komma ut.<\/b> Tillsammans med v\u00e5rt partnerf\u00f6retag\u00a0<a href=\"https:\/\/kultesgard.se\/\" target=\"_blank\" rel=\"noopener\">kultesg\u00e5rd<\/a>\u00a0driver vi en kampanj f\u00f6r att upplysa hund\u00e4gare om hudens naturliga behov om att vistas utomhus minst 1-2 timmar om dagen.\u00a0<\/p><p><strong>V\u00e4lj en sund hundras<\/strong><br \/>Inom vissa hundraser f\u00f6rekommer avel p\u00e5 exteri\u00f6ra egenskaper som inte \u00f6verensst\u00e4mmer med sund hundavel. Sveriges Veterin\u00e4rf\u00f6rbund (SVF) uppmanar d\u00e4rf\u00f6r hunduppf\u00f6dare och hundk\u00f6pare att avla p\u00e5 och k\u00f6pa sunda hundar.<\/p><p><strong>Var noga med varifr\u00e5n du k\u00f6per din hund<\/strong><br \/>Fundera g\u00e4rna p\u00e5 m\u00f6jligheten att ta hand om ett djur fr\u00e5n ett djurhem. Ett djurhem omh\u00e4ndertar djur, som har farit illa eller \u00f6vergivits, och str\u00e4var efter att omplacera djuren i en ny b\u00e4ttre milj\u00f6.<\/p><p><strong>Undvik den\u00a0grymma handeln med smuggelhundar<\/strong><br \/>Den organiserade illegala handeln och smugglingen av hundar \u00e4r en grym verksamhet d\u00e4r djuren far mycket illa. F\u00f6r att undvika att st\u00f6dja den illegala handeln kan du f\u00f6lja dessa enkla r\u00e5d.<br \/>\u2219\u00a0Ta reda p\u00e5 vart hunden kommer ifr\u00e5n. N\u00f6j dig inte med bara ett mobiltelefonnummer som enda kontakt med s\u00e4ljaren.<br \/>\u2219 K\u00f6p inte din hund via en mellanhand.<br \/>\u2219 H\u00e4lsa p\u00e5 valpen och tiken hos uppf\u00f6daren f\u00f6re k\u00f6pet.<br \/>\u2219 Kr\u00e4v ID-handling och h\u00e4lsointyg f\u00f6r valpen.<br \/>\u2219 Kr\u00e4v kvitto med s\u00e4ljarens namn och adress.<br \/>\u2219 Om du ska k\u00f6pa hund fr\u00e5n utlandet ska hunden ocks\u00e5 vara rabiesvaccinerad och avmaskad. Den som f\u00f6r in hunden ska anm\u00e4la hunden till tullen vid gr\u00e4nspassage. (N\u00e4r djur f\u00f6rs in i Sverige utan kontroll kan de fruktade sjukdomarna dv\u00e4rgbandmask och rabies f\u00e5 f\u00e4ste i Sverige. Om dessa sjukdomar smittar m\u00e4nniskor kan f\u00f6ljderna bli mycket allvarliga.)<\/p>\t\t\t\t\t\t\t\t<\/div>\n\t\t\t\t<\/div>\n\t\t\t\t\t<\/div>\n\t\t<\/div>\n\t\t\t\t\t<\/div>\n\t\t<\/section>\n\t\t\t\t<\/div>\n\t\t","protected":false},"excerpt":{"rendered":"<p>Det finns fler s\u00e4tt att hj\u00e4lpa till Sverige har ett bra djurskydd j\u00e4mf\u00f6rt med m\u00e5nga andra l\u00e4nder. Men det h\u00e4nder&hellip;<\/p>\n","protected":false},"author":1,"featured_media":0,"parent":0,"menu_order":0,"comment_status":"closed","ping_status":"closed","template":"elementor_header_footer","meta":{"footnotes":""},"class_list":["post-26","page","type-page","status-publish","hentry"],"_links":{"self":[{"href":"https:\/\/www.svenskhund.se\/index.php?rest_route=\/wp\/v2\/pages\/26"}],"collection":[{"href":"https:\/\/www.svenskhund.se\/index.php?rest_route=\/wp\/v2\/pages"}],"about":[{"href":"https:\/\/www.svenskhund.se\/index.php?rest_route=\/wp\/v2\/types\/page"}],"author":[{"embeddable":true,"href":"https:\/\/www.svenskhund.se\/index.php?rest_route=\/wp\/v2\/users\/1"}],"replies":[{"embeddable":true,"href":"https:\/\/www.svenskhund.se\/index.php?rest_route=%2Fwp%2Fv2%2Fcomments&post=26"}],"version-history":[{"count":11,"href":"https:\/\/www.svenskhund.se\/index.php?rest_route=\/wp\/v2\/pages\/26\/revisions"}],"predecessor-version":[{"id":123,"href":"https:\/\/www.svenskhund.se\/index.php?rest_route=\/wp\/v2\/pages\/26\/revisions\/123"}],"wp:attachment":[{"href":"https:\/\/www.svenskhund.se\/index.php?rest_route=%2Fwp%2Fv2%2Fmedia&parent=26"}],"curies":[{"name":"wp","href":"https:\/\/api.w.org\/{rel}","templated":true}]}}