{"id":41,"date":"2020-08-06T10:03:59","date_gmt":"2020-08-06T09:03:59","guid":{"rendered":"http:\/\/www.svenskhund.se\/?page_id=41"},"modified":"2025-10-02T09:34:26","modified_gmt":"2025-10-02T08:34:26","slug":"hundagarguiden","status":"publish","type":"page","link":"https:\/\/www.svenskhund.se\/?page_id=41","title":{"rendered":"Hund\u00e4garguiden"},"content":{"rendered":"\t\t<div data-elementor-type=\"wp-page\" data-elementor-id=\"41\" class=\"elementor elementor-41\">\n\t\t\t\t\t\t<section class=\"elementor-section elementor-top-section elementor-element elementor-element-6a6511e elementor-section-boxed elementor-section-height-default elementor-section-height-default\" data-id=\"6a6511e\" data-element_type=\"section\">\n\t\t\t\t\t\t<div class=\"elementor-container elementor-column-gap-default\">\n\t\t\t\t\t<div class=\"elementor-column elementor-col-100 elementor-top-column elementor-element elementor-element-73012cf\" data-id=\"73012cf\" data-element_type=\"column\">\n\t\t\t<div class=\"elementor-widget-wrap elementor-element-populated\">\n\t\t\t\t\t\t<div class=\"elementor-element elementor-element-89e63d2 elementor-widget elementor-widget-text-editor\" data-id=\"89e63d2\" data-element_type=\"widget\" data-widget_type=\"text-editor.default\">\n\t\t\t\t<div class=\"elementor-widget-container\">\n\t\t\t\t\t\t\t\t\t<header class=\"entry-header\"><\/header>\n<div class=\"entry-content\">\n<p>Sidorna p\u00e5 den h\u00e4r avdelningen \u00e4r till f\u00f6r dig som s\u00f6ker kunskap om hund och hund\u00e4gande i Sverige. Vi f\u00e5r ofta fr\u00e5gan om vilket hundfoder som \u00e4r b\u00e4st?&nbsp;<\/p>\n<p>\u25aa&nbsp;Hitta&nbsp;\u00e4r en databas&nbsp;med&nbsp;f\u00f6retag, klubbar och andra akt\u00f6rer i hund-Sverige.<br>\u25aa I&nbsp;<a title=\"Raspresentation\" href=\"http:\/\/www.svenskhund.se\/rasrepresentation\/\">raspresentationen<\/a>&nbsp;hittar du alla v\u00e4rldens hundraser, presenterade&nbsp;i text och bild.<br>\u25aa Du \u00e4r v\u00e4lkommen att&nbsp;fr\u00e5ga experterna&nbsp;om alla t\u00e4nkbara funderingar kring hund och hund\u00e4gare.<br>\u25aa&nbsp;<a title=\"Omtanke\" href=\"http:\/\/www.svenskhund.se\/omtanke\/\">Omtanke<\/a>&nbsp;\u00e4r en sida med tips om hur du enkelt kan bidra till en f\u00f6rb\u00e4ttrad tillvaro f\u00f6r m\u00e5nga hundar, i Sverige och utomlands.<br>\u25aa I&nbsp;faktabanken&nbsp;finns m\u00e4ngder av fakta om hund och hund\u00e4gande.<br>\u25aa I&nbsp;publikationsdatabasen&nbsp;finns hundratals s\u00f6kbara hundb\u00f6cker och artiklar om hundk\u00f6p, valpsk\u00f6tsel, hundfoder, avel och mycket mer.<br>\u25aa Satsa p\u00e5 ett ordentligt hundhalsband framf\u00f6r ett billigt Kinaproducerat koppel. Vi rekommenderar <a href=\"https:\/\/www.greta.se\/\">greta.se<\/a> vars hundhalsband \u00e4r tillverkade i Sverige.<\/p>\n<\/div>\t\t\t\t\t\t\t\t<\/div>\n\t\t\t\t<\/div>\n\t\t\t\t\t<\/div>\n\t\t<\/div>\n\t\t\t\t\t<\/div>\n\t\t<\/section>\n\t\t\t\t<\/div>\n\t\t","protected":false},"excerpt":{"rendered":"<p>Sidorna p\u00e5 den h\u00e4r avdelningen \u00e4r till f\u00f6r dig som s\u00f6ker kunskap om hund och hund\u00e4gande i Sverige. Vi f\u00e5r&hellip;<\/p>\n","protected":false},"author":1,"featured_media":0,"parent":0,"menu_order":0,"comment_status":"closed","ping_status":"closed","template":"elementor_header_footer","meta":{"footnotes":""},"class_list":["post-41","page","type-page","status-publish","hentry"],"_links":{"self":[{"href":"https:\/\/www.svenskhund.se\/index.php?rest_route=\/wp\/v2\/pages\/41"}],"collection":[{"href":"https:\/\/www.svenskhund.se\/index.php?rest_route=\/wp\/v2\/pages"}],"about":[{"href":"https:\/\/www.svenskhund.se\/index.php?rest_route=\/wp\/v2\/types\/page"}],"author":[{"embeddable":true,"href":"https:\/\/www.svenskhund.se\/index.php?rest_route=\/wp\/v2\/users\/1"}],"replies":[{"embeddable":true,"href":"https:\/\/www.svenskhund.se\/index.php?rest_route=%2Fwp%2Fv2%2Fcomments&post=41"}],"version-history":[{"count":12,"href":"https:\/\/www.svenskhund.se\/index.php?rest_route=\/wp\/v2\/pages\/41\/revisions"}],"predecessor-version":[{"id":157,"href":"https:\/\/www.svenskhund.se\/index.php?rest_route=\/wp\/v2\/pages\/41\/revisions\/157"}],"wp:attachment":[{"href":"https:\/\/www.svenskhund.se\/index.php?rest_route=%2Fwp%2Fv2%2Fmedia&parent=41"}],"curies":[{"name":"wp","href":"https:\/\/api.w.org\/{rel}","templated":true}]}}