{"id":48,"date":"2020-08-06T10:14:26","date_gmt":"2020-08-06T09:14:26","guid":{"rendered":"http:\/\/www.svenskhund.se\/?page_id=48"},"modified":"2020-08-06T10:16:30","modified_gmt":"2020-08-06T09:16:30","slug":"dalbohund","status":"publish","type":"page","link":"https:\/\/www.svenskhund.se\/?page_id=48","title":{"rendered":"Dalbohund"},"content":{"rendered":"\t\t<div data-elementor-type=\"wp-page\" data-elementor-id=\"48\" class=\"elementor elementor-48\">\n\t\t\t\t\t\t<section class=\"elementor-section elementor-top-section elementor-element elementor-element-9626a7e elementor-section-boxed elementor-section-height-default elementor-section-height-default\" data-id=\"9626a7e\" data-element_type=\"section\">\n\t\t\t\t\t\t<div class=\"elementor-container elementor-column-gap-default\">\n\t\t\t\t\t<div class=\"elementor-column elementor-col-100 elementor-top-column elementor-element elementor-element-f9fecf0\" data-id=\"f9fecf0\" data-element_type=\"column\">\n\t\t\t<div class=\"elementor-widget-wrap elementor-element-populated\">\n\t\t\t\t\t\t<div class=\"elementor-element elementor-element-cb64e74 elementor-widget elementor-widget-text-editor\" data-id=\"cb64e74\" data-element_type=\"widget\" data-widget_type=\"text-editor.default\">\n\t\t\t\t<div class=\"elementor-widget-container\">\n\t\t\t\t\t\t\t\t\t<p><strong>Dalbohunden<\/strong>\u00a0\u00e4r en svensk, utd\u00f6d hundras som var Sveriges enda egentliga hundras som var storvuxen. Den var b\u00e5de stor och stark, och det sades en g\u00e5ng i tiden att den till och med kunde d\u00f6da varg, om det var ett tillr\u00e4ckligt aggressivt exemplar. Just detta \u00e4r dock inte bekr\u00e4ftat, \u00e4ven om det \u00e4r sannolikt om man kikar p\u00e5 hundens anv\u00e4ndningsomr\u00e5de. Fr\u00e4mst anv\u00e4ndes den n\u00e4mligen som boskapshund, eftersom man f\u00f6rr i v\u00e4rlden brukade driva sitt boskap ut i skogen f\u00f6r att de skulle kunna beta d\u00e4r. Det var ett riskfyllt s\u00e4tt att hantera boskapen, eftersom det p\u00e5 den tiden fanns b\u00e5de bj\u00f6rn och varg d\u00e4r, som s\u00e5klart var sugna p\u00e5 att f\u00e4lla n\u00e5got enkelt byte. Dalbohunden sades vara tillr\u00e4ckligt stor och aggressiv f\u00f6r att h\u00e5lla rovdjur p\u00e5 avst\u00e5nd, i synnerhet vargen. F\u00f6r att f\u00e5 st\u00f6rre chans mot rovdjuren, arbetade hundarna ofta i par, och hade inte s\u00e4llan f\u00f6rsetts med spikhalsband.\u00a0Dalbo \u00e4r ett dialektalt uttryck f\u00f6r dalsl\u00e4nning och man skulle d\u00e4rf\u00f6r med r\u00e4tta kunna kalla dalbohunden f\u00f6r \u201dDen dalsl\u00e4ndska hunden\u201d.<\/p>\t\t\t\t\t\t\t\t<\/div>\n\t\t\t\t<\/div>\n\t\t\t\t\t<\/div>\n\t\t<\/div>\n\t\t\t\t\t<\/div>\n\t\t<\/section>\n\t\t\t\t<section class=\"elementor-section elementor-top-section elementor-element elementor-element-cfbccc7 elementor-section-boxed elementor-section-height-default elementor-section-height-default\" data-id=\"cfbccc7\" data-element_type=\"section\">\n\t\t\t\t\t\t<div class=\"elementor-container elementor-column-gap-default\">\n\t\t\t\t\t<div class=\"elementor-column elementor-col-100 elementor-top-column elementor-element elementor-element-1fca9dd\" data-id=\"1fca9dd\" data-element_type=\"column\">\n\t\t\t<div class=\"elementor-widget-wrap elementor-element-populated\">\n\t\t\t\t\t\t<div class=\"elementor-element elementor-element-13a4378 elementor-widget elementor-widget-text-editor\" data-id=\"13a4378\" data-element_type=\"widget\" data-widget_type=\"text-editor.default\">\n\t\t\t\t<div class=\"elementor-widget-container\">\n\t\t\t\t\t\t\t\t\t<header class=\"entry-header\"><p class=\"entry-title\"><span style=\"color: #353535; font-size: 2em; font-weight: bold;\">Dalbohundens (k\u00e4nda) historia<\/span><\/p><\/header><div class=\"entry-content\"><p>Dalbohundens f\u00f6rsta omn\u00e4mnande i skriftliga k\u00e4llor hittar vi sannolikt i kyrkoherden Gunno Brynolphi Blutherus skrift Dalla (1632). D\u00e4r han omn\u00e4mner Dalbohunden som en stor och rask hundras som var mycket till gagn f\u00f6r boskapsdrivande, s\u00e4rskilt i de skogst\u00e4ta markerna. Han n\u00e4mner dock inte hunden vid namn varf\u00f6r vi inte kan vara helt s\u00e4kra p\u00e5 att det var dalbohunden han pratade om. Hunden omn\u00e4mndes som Dalbohund f\u00f6rst 1843 av\u00a0<a href=\"http:\/\/sv.wikipedia.org\/wiki\/Axel_Emanuel_Holmberg\">Axel Emanuel Holmberg<\/a>\u00a0I verket \u201dBohusl\u00e4ns historia och beskrivning\u201d. Som redan n\u00e4mnts var Dalbohunden en mycket stor hund och det s\u00e4gs att mankh\u00f6jden skall ha varit upp till 80 cm. det finns dock f\u00e5 bilder p\u00e5 Dalbohunden bevarade. Vi p\u00e5 svensk hund k\u00e4nner bara till tv\u00e5 exemplar vilka vi l\u00e4nkar till nedan.<\/p><h2>En ras som g\u00e5tt f\u00f6rlorad<\/h2><p>Att Dalbohunden f\u00f6rsvann som ras har enligt forskningen p\u00e5 omr\u00e5det g\u00f6ra med tre faktorer som samverkade: Sjukdomsutbrott, Missv\u00e4xt och minskat behov av boskapsvaktande i utbredningsomr\u00e5dena. Efter smittspridning av rabies som bekr\u00e4ftat b\u00f6rjade i trakterna kring Kinnekulle, minskade antalet friska individer markant. Samma effekt gav missv\u00e4xt\u00e5ren 1867 \u2013 1868, som i kombination med att m\u00e4nniskorna de facto hade utrotat de flesta rovdjuren i trakterna som varg och bj\u00f6rn \u2013 gjorde att rasens \u00f6verlevnadsf\u00f6rm\u00e5ga blev mycket l\u00e5g. 1913 f\u00f6rs\u00f6kte man inventera rasen i ett f\u00f6rs\u00f6k att bevara rasen, men det visade sig r\u00e4tt snart att det tyv\u00e4rr redan var f\u00f6rsent. Rasen var utd\u00f6d, eller det var i alla fall om\u00f6jligt att f\u00e5 ihop tillr\u00e4ckligt m\u00e5nga individer f\u00f6r att uppn\u00e5 ett best\u00e5nd som kunde \u00f6verleva.<\/p><\/div>\t\t\t\t\t\t\t\t<\/div>\n\t\t\t\t<\/div>\n\t\t\t\t\t<\/div>\n\t\t<\/div>\n\t\t\t\t\t<\/div>\n\t\t<\/section>\n\t\t\t\t<\/div>\n\t\t","protected":false},"excerpt":{"rendered":"<p>Dalbohunden\u00a0\u00e4r en svensk, utd\u00f6d hundras som var Sveriges enda egentliga hundras som var storvuxen. Den var b\u00e5de stor och stark,&hellip;<\/p>\n","protected":false},"author":1,"featured_media":0,"parent":0,"menu_order":0,"comment_status":"closed","ping_status":"closed","template":"elementor_header_footer","meta":{"footnotes":""},"class_list":["post-48","page","type-page","status-publish","hentry"],"_links":{"self":[{"href":"https:\/\/www.svenskhund.se\/index.php?rest_route=\/wp\/v2\/pages\/48"}],"collection":[{"href":"https:\/\/www.svenskhund.se\/index.php?rest_route=\/wp\/v2\/pages"}],"about":[{"href":"https:\/\/www.svenskhund.se\/index.php?rest_route=\/wp\/v2\/types\/page"}],"author":[{"embeddable":true,"href":"https:\/\/www.svenskhund.se\/index.php?rest_route=\/wp\/v2\/users\/1"}],"replies":[{"embeddable":true,"href":"https:\/\/www.svenskhund.se\/index.php?rest_route=%2Fwp%2Fv2%2Fcomments&post=48"}],"version-history":[{"count":2,"href":"https:\/\/www.svenskhund.se\/index.php?rest_route=\/wp\/v2\/pages\/48\/revisions"}],"predecessor-version":[{"id":50,"href":"https:\/\/www.svenskhund.se\/index.php?rest_route=\/wp\/v2\/pages\/48\/revisions\/50"}],"wp:attachment":[{"href":"https:\/\/www.svenskhund.se\/index.php?rest_route=%2Fwp%2Fv2%2Fmedia&parent=48"}],"curies":[{"name":"wp","href":"https:\/\/api.w.org\/{rel}","templated":true}]}}