{"id":62,"date":"2020-08-06T10:26:11","date_gmt":"2020-08-06T09:26:11","guid":{"rendered":"http:\/\/www.svenskhund.se\/?page_id=62"},"modified":"2024-08-05T14:06:36","modified_gmt":"2024-08-05T13:06:36","slug":"om-svensk-hund","status":"publish","type":"page","link":"https:\/\/www.svenskhund.se\/?page_id=62","title":{"rendered":"Om Svensk Hund"},"content":{"rendered":"\t\t<div data-elementor-type=\"wp-page\" data-elementor-id=\"62\" class=\"elementor elementor-62\">\n\t\t\t\t\t\t<section class=\"elementor-section elementor-top-section elementor-element elementor-element-da5b781 elementor-section-boxed elementor-section-height-default elementor-section-height-default\" data-id=\"da5b781\" data-element_type=\"section\">\n\t\t\t\t\t\t<div class=\"elementor-container elementor-column-gap-default\">\n\t\t\t\t\t<div class=\"elementor-column elementor-col-100 elementor-top-column elementor-element elementor-element-5d3baa58\" data-id=\"5d3baa58\" data-element_type=\"column\">\n\t\t\t<div class=\"elementor-widget-wrap elementor-element-populated\">\n\t\t\t\t\t\t<div class=\"elementor-element elementor-element-508f597c elementor-widget elementor-widget-text-editor\" data-id=\"508f597c\" data-element_type=\"widget\" data-widget_type=\"text-editor.default\">\n\t\t\t\t<div class=\"elementor-widget-container\">\n\t\t\t\t\t\t\t\t\t<p>Svenskhund.se \u00e4r en webbplats om hund och hund\u00e4gande i Sverige.&nbsp; Vi jobbar f\u00f6r djurskydd och f\u00f6r att g\u00f6ra hund\u00e4gandet enklare och roligare.<\/p>\n<p>Vi som driver denna sida g\u00f6r det p\u00e5 v\u00e5r fritid som en hobby. En del av v\u00e5rt arbete \u00e4r att dela ut information om hund\u00e4gande och hundraser. Vi vill att de som skaffar sig en hund \u00e4ven ska ha kunskapen f\u00f6r att kunna ta hand om sin hund p\u00e5 b\u00e4sta s\u00e4tt. P\u00e5 s\u00e5 s\u00e4tt kommer f\u00e4rre hundar att fara illa och det risken f\u00f6r skador fr\u00e5n hund p\u00e5 m\u00e4nniska minskar \u00e4ven det. Detta g\u00f6r vi oftast genom att skriva ut flyers som vi delar ut i n\u00e4romr\u00e5det. Varenda krona r\u00e4knas varp\u00e5 vi sparar in pengar igenom att k\u00f6pa billigt kontorsmaterial ifr\u00e5n utvalda partners.&nbsp;<\/p>\n<p>Vill ni hj\u00e4lpa till i v\u00e5rt arbete \u00e4r ni v\u00e4lkomna att h\u00f6ra av er.&nbsp;<\/p>\n<p>Vi vill ocks\u00e5 passa p\u00e5 att tacka v\u00e5ra sponsorer Rocket Digital i Vallentuna,&nbsp;<a href=\"https:\/\/www.kabegruppen.se\/solskydd\/\">Solskydd<\/a> av Kabegreuppen.se samt Tommy p\u00e5&nbsp;<a href=\"https:\/\/tommystradgard.se\/\" target=\"_blank\">Tommystr\u00e4dg\u00e5rd<\/a>&nbsp;som hj\u00e4lpte till med platts\u00e4ttningen av hundg\u00e5rdarna. Johan, p\u00e5&nbsp;<a href=\"https:\/\/casinosnabbauttag.se\/\" target=\"_blank\">casinosnabbauttag.se<\/a>&nbsp;<\/p>\t\t\t\t\t\t\t\t<\/div>\n\t\t\t\t<\/div>\n\t\t\t\t\t<\/div>\n\t\t<\/div>\n\t\t\t\t\t<\/div>\n\t\t<\/section>\n\t\t\t\t<section class=\"elementor-section elementor-top-section elementor-element elementor-element-cfb0f7f elementor-section-boxed elementor-section-height-default elementor-section-height-default\" data-id=\"cfb0f7f\" data-element_type=\"section\">\n\t\t\t\t\t\t<div class=\"elementor-container elementor-column-gap-default\">\n\t\t\t\t\t<div class=\"elementor-column elementor-col-100 elementor-top-column elementor-element elementor-element-f260586\" data-id=\"f260586\" data-element_type=\"column\">\n\t\t\t<div class=\"elementor-widget-wrap elementor-element-populated\">\n\t\t\t\t\t\t<div class=\"elementor-element elementor-element-539d30d elementor-arrows-position-inside elementor-pagination-position-outside elementor-widget elementor-widget-image-carousel\" data-id=\"539d30d\" data-element_type=\"widget\" data-settings=\"{&quot;slides_to_show&quot;:&quot;4&quot;,&quot;navigation&quot;:&quot;both&quot;,&quot;autoplay&quot;:&quot;yes&quot;,&quot;pause_on_hover&quot;:&quot;yes&quot;,&quot;pause_on_interaction&quot;:&quot;yes&quot;,&quot;autoplay_speed&quot;:5000,&quot;infinite&quot;:&quot;yes&quot;,&quot;speed&quot;:500}\" data-widget_type=\"image-carousel.default\">\n\t\t\t\t<div class=\"elementor-widget-container\">\n\t\t\t\t\t\t\t<div class=\"elementor-image-carousel-wrapper swiper\" role=\"region\" aria-roledescription=\"carousel\" aria-label=\"Image Carousel\" dir=\"ltr\">\n\t\t\t<div class=\"elementor-image-carousel swiper-wrapper swiper-image-stretch\" aria-live=\"off\">\n\t\t\t\t\t\t\t\t<div class=\"swiper-slide\" role=\"group\" aria-roledescription=\"slide\" aria-label=\"1 of 17\"><figure class=\"swiper-slide-inner\"><img decoding=\"async\" class=\"swiper-slide-image\" src=\"https:\/\/www.svenskhund.se\/wp-content\/uploads\/2020\/08\/malam.png\" alt=\"malam\" \/><\/figure><\/div><div class=\"swiper-slide\" role=\"group\" aria-roledescription=\"slide\" aria-label=\"2 of 17\"><figure class=\"swiper-slide-inner\"><img decoding=\"async\" class=\"swiper-slide-image\" src=\"https:\/\/www.svenskhund.se\/wp-content\/uploads\/2020\/08\/bull.png\" alt=\"bull\" \/><\/figure><\/div><div class=\"swiper-slide\" role=\"group\" aria-roledescription=\"slide\" aria-label=\"3 of 17\"><figure class=\"swiper-slide-inner\"><img decoding=\"async\" class=\"swiper-slide-image\" src=\"https:\/\/www.svenskhund.se\/wp-content\/uploads\/2020\/08\/jack1.png\" alt=\"jack1\" \/><\/figure><\/div><div class=\"swiper-slide\" role=\"group\" aria-roledescription=\"slide\" aria-label=\"4 of 17\"><figure class=\"swiper-slide-inner\"><img decoding=\"async\" class=\"swiper-slide-image\" src=\"https:\/\/www.svenskhund.se\/wp-content\/uploads\/2020\/08\/h4.png\" alt=\"h4\" \/><\/figure><\/div><div class=\"swiper-slide\" role=\"group\" aria-roledescription=\"slide\" aria-label=\"5 of 17\"><figure class=\"swiper-slide-inner\"><img decoding=\"async\" class=\"swiper-slide-image\" src=\"https:\/\/www.svenskhund.se\/wp-content\/uploads\/2020\/08\/engelsk-6.png\" alt=\"engelsk 6\" \/><\/figure><\/div><div class=\"swiper-slide\" role=\"group\" aria-roledescription=\"slide\" aria-label=\"6 of 17\"><figure class=\"swiper-slide-inner\"><img decoding=\"async\" class=\"swiper-slide-image\" src=\"https:\/\/www.svenskhund.se\/wp-content\/uploads\/2020\/08\/samojed.png\" alt=\"samojed\" \/><\/figure><\/div><div class=\"swiper-slide\" role=\"group\" aria-roledescription=\"slide\" aria-label=\"7 of 17\"><figure class=\"swiper-slide-inner\"><img decoding=\"async\" class=\"swiper-slide-image\" src=\"https:\/\/www.svenskhund.se\/wp-content\/uploads\/2020\/08\/fem-hundar.png\" alt=\"fem hundar\" \/><\/figure><\/div><div class=\"swiper-slide\" role=\"group\" aria-roledescription=\"slide\" aria-label=\"8 of 17\"><figure class=\"swiper-slide-inner\"><img decoding=\"async\" class=\"swiper-slide-image\" src=\"https:\/\/www.svenskhund.se\/wp-content\/uploads\/2020\/08\/bull2.png\" alt=\"bull2\" \/><\/figure><\/div><div class=\"swiper-slide\" role=\"group\" aria-roledescription=\"slide\" aria-label=\"9 of 17\"><figure class=\"swiper-slide-inner\"><img decoding=\"async\" class=\"swiper-slide-image\" src=\"https:\/\/www.svenskhund.se\/wp-content\/uploads\/2020\/08\/hundar-head.png\" alt=\"hundar head\" \/><\/figure><\/div><div class=\"swiper-slide\" role=\"group\" aria-roledescription=\"slide\" aria-label=\"10 of 17\"><figure class=\"swiper-slide-inner\"><img decoding=\"async\" class=\"swiper-slide-image\" src=\"https:\/\/www.svenskhund.se\/wp-content\/uploads\/2020\/08\/malam3.png\" alt=\"malam3\" \/><\/figure><\/div><div class=\"swiper-slide\" role=\"group\" aria-roledescription=\"slide\" aria-label=\"11 of 17\"><figure class=\"swiper-slide-inner\"><img decoding=\"async\" class=\"swiper-slide-image\" src=\"https:\/\/www.svenskhund.se\/wp-content\/uploads\/2020\/08\/h9.png\" alt=\"h9\" \/><\/figure><\/div><div class=\"swiper-slide\" role=\"group\" aria-roledescription=\"slide\" aria-label=\"12 of 17\"><figure class=\"swiper-slide-inner\"><img decoding=\"async\" class=\"swiper-slide-image\" src=\"https:\/\/www.svenskhund.se\/wp-content\/uploads\/2020\/08\/hund-handlar.png\" alt=\"hund handlar\" \/><\/figure><\/div><div class=\"swiper-slide\" role=\"group\" aria-roledescription=\"slide\" aria-label=\"13 of 17\"><figure class=\"swiper-slide-inner\"><img decoding=\"async\" class=\"swiper-slide-image\" src=\"https:\/\/www.svenskhund.se\/wp-content\/uploads\/2020\/08\/h1.png\" alt=\"h1\" \/><\/figure><\/div><div class=\"swiper-slide\" role=\"group\" aria-roledescription=\"slide\" aria-label=\"14 of 17\"><figure class=\"swiper-slide-inner\"><img decoding=\"async\" class=\"swiper-slide-image\" src=\"https:\/\/www.svenskhund.se\/wp-content\/uploads\/2020\/08\/fem-hundar-1.png\" alt=\"fem hundar\" \/><\/figure><\/div><div class=\"swiper-slide\" role=\"group\" aria-roledescription=\"slide\" aria-label=\"15 of 17\"><figure class=\"swiper-slide-inner\"><img decoding=\"async\" class=\"swiper-slide-image\" src=\"https:\/\/www.svenskhund.se\/wp-content\/uploads\/2020\/08\/bull3.png\" alt=\"bull3\" \/><\/figure><\/div><div class=\"swiper-slide\" role=\"group\" aria-roledescription=\"slide\" aria-label=\"16 of 17\"><figure class=\"swiper-slide-inner\"><img decoding=\"async\" class=\"swiper-slide-image\" src=\"https:\/\/www.svenskhund.se\/wp-content\/uploads\/2020\/08\/djurhem.png\" alt=\"djurhem\" \/><\/figure><\/div><div class=\"swiper-slide\" role=\"group\" aria-roledescription=\"slide\" aria-label=\"17 of 17\"><figure class=\"swiper-slide-inner\"><img decoding=\"async\" class=\"swiper-slide-image\" src=\"https:\/\/www.svenskhund.se\/wp-content\/uploads\/2020\/08\/bull1.png\" alt=\"bull1\" \/><\/figure><\/div>\t\t\t<\/div>\n\t\t\t\t\t\t\t\t\t\t\t\t<div class=\"elementor-swiper-button elementor-swiper-button-prev\" role=\"button\" tabindex=\"0\">\n\t\t\t\t\t\t<i aria-hidden=\"true\" class=\"eicon-chevron-left\"><\/i>\t\t\t\t\t<\/div>\n\t\t\t\t\t<div class=\"elementor-swiper-button elementor-swiper-button-next\" role=\"button\" tabindex=\"0\">\n\t\t\t\t\t\t<i aria-hidden=\"true\" class=\"eicon-chevron-right\"><\/i>\t\t\t\t\t<\/div>\n\t\t\t\t\n\t\t\t\t\t\t\t\t\t<div class=\"swiper-pagination\"><\/div>\n\t\t\t\t\t\t\t\t\t<\/div>\n\t\t\t\t\t\t<\/div>\n\t\t\t\t<\/div>\n\t\t\t\t\t<\/div>\n\t\t<\/div>\n\t\t\t\t\t<\/div>\n\t\t<\/section>\n\t\t\t\t<\/div>\n\t\t","protected":false},"excerpt":{"rendered":"<p>Svenskhund.se \u00e4r en webbplats om hund och hund\u00e4gande i Sverige.&nbsp; Vi jobbar f\u00f6r djurskydd och f\u00f6r att g\u00f6ra hund\u00e4gandet enklare&hellip;<\/p>\n","protected":false},"author":1,"featured_media":0,"parent":0,"menu_order":0,"comment_status":"closed","ping_status":"closed","template":"elementor_header_footer","meta":{"footnotes":""},"class_list":["post-62","page","type-page","status-publish","hentry"],"_links":{"self":[{"href":"https:\/\/www.svenskhund.se\/index.php?rest_route=\/wp\/v2\/pages\/62"}],"collection":[{"href":"https:\/\/www.svenskhund.se\/index.php?rest_route=\/wp\/v2\/pages"}],"about":[{"href":"https:\/\/www.svenskhund.se\/index.php?rest_route=\/wp\/v2\/types\/page"}],"author":[{"embeddable":true,"href":"https:\/\/www.svenskhund.se\/index.php?rest_route=\/wp\/v2\/users\/1"}],"replies":[{"embeddable":true,"href":"https:\/\/www.svenskhund.se\/index.php?rest_route=%2Fwp%2Fv2%2Fcomments&post=62"}],"version-history":[{"count":22,"href":"https:\/\/www.svenskhund.se\/index.php?rest_route=\/wp\/v2\/pages\/62\/revisions"}],"predecessor-version":[{"id":153,"href":"https:\/\/www.svenskhund.se\/index.php?rest_route=\/wp\/v2\/pages\/62\/revisions\/153"}],"wp:attachment":[{"href":"https:\/\/www.svenskhund.se\/index.php?rest_route=%2Fwp%2Fv2%2Fmedia&parent=62"}],"curies":[{"name":"wp","href":"https:\/\/api.w.org\/{rel}","templated":true}]}}